{"id":550,"date":"2022-12-09T13:00:44","date_gmt":"2022-12-09T11:00:44","guid":{"rendered":"https:\/\/bonjourkoiratrimmaamo.fi\/toimipaikat\/"},"modified":"2025-11-01T14:06:54","modified_gmt":"2025-11-01T12:06:54","slug":"locations","status":"publish","type":"page","link":"https:\/\/bonjourkoiratrimmaamo.fi\/en\/locations\/","title":{"rendered":"Locations"},"content":{"rendered":"<section class=\"l-section wpb_row height_large color_alternate\"><div class=\"l-section-h i-cf\"><div class=\"g-cols vc_row via_flex valign_top type_default stacking_default\"><div class=\"vc_col-sm-2 wpb_column vc_column_container\"><div class=\"vc_column-inner\"><div class=\"wpb_wrapper\"><\/div><\/div><\/div><div class=\"vc_col-sm-8 wpb_column vc_column_container\"><div class=\"vc_column-inner\"><div class=\"wpb_wrapper\"><h1 class=\"w-text us_custom_eb849559\"><span class=\"w-text-h\"><span class=\"w-text-value\">Locations<\/span><\/span><\/h1><div class=\"wpb_text_column\"><div class=\"wpb_wrapper\"><p style=\"text-align: center;\">We provide services in J\u00e4tk\u00e4saari, Helsinki and in Olari and Tapiola, Espoo. At all of our places, you will be served by professionals of the field and your dog friend will be in good hands with us. Our locations are open according to the reservation times.<\/p>\n<p style=\"text-align: center;\"><strong>Book an appointment and come by!<\/strong><\/p>\n<\/div><\/div><\/div><\/div><\/div><div class=\"vc_col-sm-2 wpb_column vc_column_container\"><div class=\"vc_column-inner\"><div class=\"wpb_wrapper\"><\/div><\/div><\/div><\/div><\/div><\/section><section class=\"l-section wpb_row height_large\"><div class=\"l-section-h i-cf\"><div class=\"g-cols vc_row via_flex valign_top type_default reversed stacking_default\"><div class=\"vc_col-sm-12 wpb_column vc_column_container\"><div class=\"vc_column-inner\"><div class=\"wpb_wrapper\"><div class=\"g-cols wpb_row via_flex valign_top type_default stacking_default\" style=\"--additional-gap:0.5rem;\"><div class=\"vc_col-sm-6 wpb_column vc_column_container\"><div class=\"vc_column-inner us_custom_84f7903e\"><div class=\"wpb_wrapper\"><div class=\"wpb_text_column us_custom_ac957a8a\"><div class=\"wpb_wrapper\"><p style=\"text-align: center;\"><strong>BONJOUR<br \/>\nKoiratrimmaamo Olari<\/strong><br \/>\nYl\u00e4portti 4<br \/>\n02210 Espoo<br \/>\n<a href=\"tel:0505694653\">050 569 4653<\/a><strong><br \/>\n<a href=\"mailto:asiakaspalvelu@bonjourkoiratrimmaamo.fi\">asiakaspalvelu@bonjourkoiratrimmaamo.fi<\/a><br \/>\n<\/strong><\/p>\n<\/div><\/div><div class=\"w-separator size_small\"><\/div><div class=\"w-btn-wrapper align_center\"><a class=\"w-btn us-btn-style_1 icon_atleft\" href=\"https:\/\/www.varaaheti.fi\/bonjourkoiratrimmaamo\/en\/olari\/services\"><i class=\"fas fa-calendar-check\"><\/i><span class=\"w-btn-label\">Book an appointment<\/span><\/a><\/div><div class=\"w-separator size_small\"><\/div><div class=\"w-html\"><iframe src=\"https:\/\/www.google.com\/maps\/embed?pb=!1m18!1m12!1m3!1d1984.2955156387338!2d24.725297077857565!3d60.17584074297559!2m3!1f0!2f0!3f0!3m2!1i1024!2i768!4f13.1!3m3!1m2!1s0x468df58d37ee09e3%3A0x505f24478369bbb7!2sBONJOUR%20Koiratrimmaamo%20Olari!5e0!3m2!1sen!2spt!4v1705589948810!5m2!1sen!2spt\" width=\"600\" height=\"450\" style=\"border:0;\" allowfullscreen=\"\" loading=\"lazy\" referrerpolicy=\"no-referrer-when-downgrade\"><\/iframe><\/div><div class=\"w-separator size_small\"><\/div><div class=\"wpb_text_column\"><div class=\"wpb_wrapper\"><p><strong>BONJOUR Olari<\/strong> is located in Olari, Espoo, at Yl\u00e4portti 4. The grooming salon can be found at Simo J\u00e4rvinen Square, next to the Olari swimming hall and gym. Parking spaces with disk parking are available along the streets. The salon operates by appointment only.<\/p>\n<\/div><\/div><\/div><\/div><\/div><div class=\"vc_col-sm-6 wpb_column vc_column_container\"><div class=\"vc_column-inner us_custom_84f7903e\"><div class=\"wpb_wrapper\"><div class=\"wpb_text_column us_custom_ac957a8a\"><div class=\"wpb_wrapper\"><p style=\"text-align: center;\"><strong>BONJOUR<br \/>\n<\/strong><strong>Koiratrimmaamo Tapiola<\/strong><br \/>\nOravannahkatori 1<br \/>\n02120 Espoo<br \/>\n<a href=\"tel:0505694653\">050 569 4653<\/a><strong><br \/>\n<a href=\"mailto:asiakaspalvelu@bonjourkoiratrimmaamo.fi\">asiakaspalvelu@bonjourkoiratrimmaamo.fi<\/a><br \/>\n<\/strong><\/p>\n<\/div><\/div><div class=\"w-separator size_small\"><\/div><div class=\"w-btn-wrapper align_center\"><a class=\"w-btn us-btn-style_1 icon_atleft\" href=\"https:\/\/www.varaaheti.fi\/bonjourkoiratrimmaamo\/en\/tapiola\/services\"><i class=\"fas fa-calendar-check\"><\/i><span class=\"w-btn-label\">Book an appointment<\/span><\/a><\/div><div class=\"w-separator size_small\"><\/div><div class=\"w-html\"><iframe src=\"https:\/\/www.google.com\/maps\/embed?pb=!1m18!1m12!1m3!1d1983.8430683587308!2d24.791539777857935!3d60.18332974237092!2m3!1f0!2f0!3f0!3m2!1i1024!2i768!4f13.1!3m3!1m2!1s0x468df59ebc536471%3A0x23578c58e9bf10bc!2sBONJOUR%20Koiratrimmaamo%20Tapiola!5e0!3m2!1sen!2spt!4v1705589987098!5m2!1sen!2spt\" width=\"600\" height=\"450\" style=\"border:0;\" allowfullscreen=\"\" loading=\"lazy\" referrerpolicy=\"no-referrer-when-downgrade\"><\/iframe><\/div><div class=\"w-separator size_small\"><\/div><div class=\"wpb_text_column\"><div class=\"wpb_wrapper\"><p><strong>BONJOUR Tapiola<\/strong> is located in Espoo, Tapiola, at Oravannahkatori 1, in the Oravannahkatori shopping centre. The grooming salon is situated in a quiet and pleasant area, surrounded by parks and nature. There are several parking spaces around the shopping centre. The salon operates by appointment only.<\/p>\n<\/div><\/div><\/div><\/div><\/div><\/div><div class=\"w-separator size_small\"><\/div><div class=\"g-cols wpb_row via_flex valign_top type_default stacking_default\" style=\"--additional-gap:0.5rem;\"><div class=\"vc_col-sm-6 wpb_column vc_column_container\"><div class=\"vc_column-inner us_custom_84f7903e\"><div class=\"wpb_wrapper\"><div class=\"wpb_text_column us_custom_ac957a8a\"><div class=\"wpb_wrapper\"><p style=\"text-align: center;\"><strong>BONJOUR<\/strong><br \/>\n<strong>Koiratrimmaamo J\u00e4tk\u00e4saari<\/strong><br \/>\nMalagankatu 6<br \/>\n00220 Helsinki<br \/>\n<a href=\"tel:0505694653\">050 569 4653<\/a><br \/>\n<strong><a href=\"mailto:asiakaspalvelu@bonjourkoiratrimmaamo.fi\">asiakaspalvelu@bonjourkoiratrimmaamo.fi<\/a><\/strong><\/p>\n<\/div><\/div><div class=\"w-separator size_small\"><\/div><div class=\"w-btn-wrapper align_center\"><a class=\"w-btn us-btn-style_1 icon_atleft\" href=\"https:\/\/www.varaaheti.fi\/bonjourkoiratrimmaamo\/en\/jatkasaari\/services\"><i class=\"fas fa-calendar-check\"><\/i><span class=\"w-btn-label\">Book an appointment<\/span><\/a><\/div><div class=\"w-separator size_small\"><\/div><div class=\"w-html\"><iframe src=\"https:\/\/www.google.com\/maps\/embed?pb=!1m18!1m12!1m3!1d1985.4054174858582!2d24.91184607785698!3d60.1574670444585!2m3!1f0!2f0!3f0!3m2!1i1024!2i768!4f13.1!3m3!1m2!1s0x46920ba9f32b77dd%3A0x37658e2801779792!2sBONJOUR%20Koiratrimmaamo%20J%C3%A4tk%C3%A4saari!5e0!3m2!1sen!2spt!4v1705589999579!5m2!1sen!2spt\" width=\"600\" height=\"450\" style=\"border:0;\" allowfullscreen=\"\" loading=\"lazy\" referrerpolicy=\"no-referrer-when-downgrade\"><\/iframe><\/div><div class=\"w-separator size_small\"><\/div><div class=\"wpb_text_column\"><div class=\"wpb_wrapper\"><p><strong>BONJOUR J\u00e4tk\u00e4saari<\/strong> is located in the seaside and relaxed urban J\u00e4tk\u00e4saari at Malagankatu 6, right next to hyv\u00e4ntoivonpuisto park. There are parking spaces next to the grooming salon and you can easily get there by public transport also. The salon operates by appointment only.<\/p>\n<\/div><\/div><\/div><\/div><\/div><div class=\"vc_col-sm-6 vc_hidden-xs wpb_column vc_column_container\"><div class=\"vc_column-inner us_custom_84f7903e\"><div class=\"wpb_wrapper\"><\/div><\/div><\/div><\/div><\/div><\/div><\/div><\/div><\/div><\/section><section class=\"l-section wpb_row us_custom_34336ff3 height_auto\"><div class=\"l-section-h i-cf\"><div class=\"g-cols vc_row via_flex valign_top type_default stacking_default\"><div class=\"vc_col-sm-12 wpb_column vc_column_container\"><div class=\"vc_column-inner\"><div class=\"wpb_wrapper\"><div class=\"w-actionbox us_custom_4076faf9 has_text_color color_primary controls_right\"><div class=\"w-actionbox-text\"><h4 class=\"w-actionbox-title\">Book an appointment by phone:<\/h4><div class=\"w-actionbox-description\"><p><strong><a href=\"tel:0505694653\">050 569 4653<\/a> (weekdays 8.00-16.00)<\/strong><\/p>\n<\/div><\/div><div class=\"w-actionbox-controls\"><a class=\"w-btn us-btn-style_4 icon_atright\" href=\"https:\/\/www.varaaheti.fi\/bonjourkoiratrimmaamo\/en\/locations\"><span class=\"w-btn-label\">Book an appointment<\/span><i class=\"fas fa-calendar-check\"><\/i><\/a><\/div><\/div><\/div><\/div><\/div><\/div><\/div><\/section>\n","protected":false},"excerpt":{"rendered":"LocationsWe provide services in J\u00e4tk\u00e4saari, Helsinki and in Olari and Tapiola, Espoo. At all of our places, you will be served by professionals of the field and your dog friend will be in good hands with us. Our locations are open according to the reservation times. Book an appointment and come by! BONJOUR Koiratrimmaamo Olari...","protected":false},"author":1,"featured_media":0,"parent":0,"menu_order":5,"comment_status":"closed","ping_status":"closed","template":"","meta":{"om_disable_all_campaigns":false,"_uf_show_specific_survey":0,"_uf_disable_surveys":false,"footnotes":""},"class_list":["post-550","page","type-page","status-publish","hentry"],"yoast_head":"<!-- This site is optimized with the Yoast SEO plugin v26.6 - https:\/\/yoast.com\/wordpress\/plugins\/seo\/ -->\n<title>Locations &#8902; BONJOUR Koiratrimmaamo<\/title>\n<meta name=\"description\" content=\"We provide services in Olari and Tapiola, Espoo. At all of our places, you will be served by professionals of the field and your pet will be in good hands with us.\" \/>\n<meta name=\"robots\" content=\"index, follow, max-snippet:-1, max-image-preview:large, max-video-preview:-1\" \/>\n<link rel=\"canonical\" href=\"https:\/\/bonjourkoiratrimmaamo.fi\/en\/locations\/\" \/>\n<meta property=\"og:locale\" content=\"en_US\" \/>\n<meta property=\"og:type\" content=\"article\" \/>\n<meta property=\"og:title\" content=\"Locations &#8902; BONJOUR Koiratrimmaamo\" \/>\n<meta property=\"og:description\" content=\"We provide services in Olari and Tapiola, Espoo. At all of our places, you will be served by professionals of the field and your pet will be in good hands with us.\" \/>\n<meta property=\"og:url\" content=\"https:\/\/bonjourkoiratrimmaamo.fi\/en\/locations\/\" \/>\n<meta property=\"og:site_name\" content=\"BONJOUR Koiratrimmaamo\" \/>\n<meta property=\"article:publisher\" content=\"https:\/\/www.facebook.com\/bonjourkoiratrimmaamo\/\" \/>\n<meta property=\"article:modified_time\" content=\"2025-11-01T12:06:54+00:00\" \/>\n<meta name=\"twitter:card\" content=\"summary_large_image\" \/>\n<meta name=\"twitter:label1\" content=\"Est. reading time\" \/>\n\t<meta name=\"twitter:data1\" content=\"2 minutes\" \/>\n<script type=\"application\/ld+json\" class=\"yoast-schema-graph\">{\"@context\":\"https:\/\/schema.org\",\"@graph\":[{\"@type\":\"WebPage\",\"@id\":\"https:\/\/bonjourkoiratrimmaamo.fi\/en\/locations\/\",\"url\":\"https:\/\/bonjourkoiratrimmaamo.fi\/en\/locations\/\",\"name\":\"Locations &#8902; BONJOUR Koiratrimmaamo\",\"isPartOf\":{\"@id\":\"https:\/\/bonjourkoiratrimmaamo.fi\/#website\"},\"datePublished\":\"2022-12-09T11:00:44+00:00\",\"dateModified\":\"2025-11-01T12:06:54+00:00\",\"description\":\"We provide services in Olari and Tapiola, Espoo. At all of our places, you will be served by professionals of the field and your pet will be in good hands with us.\",\"breadcrumb\":{\"@id\":\"https:\/\/bonjourkoiratrimmaamo.fi\/en\/locations\/#breadcrumb\"},\"inLanguage\":\"en-US\",\"potentialAction\":[{\"@type\":\"ReadAction\",\"target\":[\"https:\/\/bonjourkoiratrimmaamo.fi\/en\/locations\/\"]}]},{\"@type\":\"BreadcrumbList\",\"@id\":\"https:\/\/bonjourkoiratrimmaamo.fi\/en\/locations\/#breadcrumb\",\"itemListElement\":[{\"@type\":\"ListItem\",\"position\":1,\"name\":\"Home\",\"item\":\"https:\/\/bonjourkoiratrimmaamo.fi\/en\/\"},{\"@type\":\"ListItem\",\"position\":2,\"name\":\"Locations\"}]},{\"@type\":\"WebSite\",\"@id\":\"https:\/\/bonjourkoiratrimmaamo.fi\/#website\",\"url\":\"https:\/\/bonjourkoiratrimmaamo.fi\/\",\"name\":\"BONJOUR Koiratrimmaamo\",\"description\":\"Koiran trimmauspalvelut, Helsinki &amp; Espoo\",\"publisher\":{\"@id\":\"https:\/\/bonjourkoiratrimmaamo.fi\/#organization\"},\"potentialAction\":[{\"@type\":\"SearchAction\",\"target\":{\"@type\":\"EntryPoint\",\"urlTemplate\":\"https:\/\/bonjourkoiratrimmaamo.fi\/?s={search_term_string}\"},\"query-input\":{\"@type\":\"PropertyValueSpecification\",\"valueRequired\":true,\"valueName\":\"search_term_string\"}}],\"inLanguage\":\"en-US\"},{\"@type\":\"Organization\",\"@id\":\"https:\/\/bonjourkoiratrimmaamo.fi\/#organization\",\"name\":\"Bonjour Koiratrimmaamo - Helsinki & Espoo\",\"url\":\"https:\/\/bonjourkoiratrimmaamo.fi\/\",\"logo\":{\"@type\":\"ImageObject\",\"inLanguage\":\"en-US\",\"@id\":\"https:\/\/bonjourkoiratrimmaamo.fi\/#\/schema\/logo\/image\/\",\"url\":\"https:\/\/bonjourkoiratrimmaamo.fi\/wp-content\/uploads\/fav-bonjour2.png\",\"contentUrl\":\"https:\/\/bonjourkoiratrimmaamo.fi\/wp-content\/uploads\/fav-bonjour2.png\",\"width\":512,\"height\":512,\"caption\":\"Bonjour Koiratrimmaamo - Helsinki & Espoo\"},\"image\":{\"@id\":\"https:\/\/bonjourkoiratrimmaamo.fi\/#\/schema\/logo\/image\/\"},\"sameAs\":[\"https:\/\/www.facebook.com\/bonjourkoiratrimmaamo\/\",\"https:\/\/www.instagram.com\/bonjourkoiratrimmaamo\/\"]}]}<\/script>\n<!-- \/ Yoast SEO plugin. -->","yoast_head_json":{"title":"Locations &#8902; BONJOUR Koiratrimmaamo","description":"We provide services in Olari and Tapiola, Espoo. At all of our places, you will be served by professionals of the field and your pet will be in good hands with us.","robots":{"index":"index","follow":"follow","max-snippet":"max-snippet:-1","max-image-preview":"max-image-preview:large","max-video-preview":"max-video-preview:-1"},"canonical":"https:\/\/bonjourkoiratrimmaamo.fi\/en\/locations\/","og_locale":"en_US","og_type":"article","og_title":"Locations &#8902; BONJOUR Koiratrimmaamo","og_description":"We provide services in Olari and Tapiola, Espoo. At all of our places, you will be served by professionals of the field and your pet will be in good hands with us.","og_url":"https:\/\/bonjourkoiratrimmaamo.fi\/en\/locations\/","og_site_name":"BONJOUR Koiratrimmaamo","article_publisher":"https:\/\/www.facebook.com\/bonjourkoiratrimmaamo\/","article_modified_time":"2025-11-01T12:06:54+00:00","twitter_card":"summary_large_image","twitter_misc":{"Est. reading time":"2 minutes"},"schema":{"@context":"https:\/\/schema.org","@graph":[{"@type":"WebPage","@id":"https:\/\/bonjourkoiratrimmaamo.fi\/en\/locations\/","url":"https:\/\/bonjourkoiratrimmaamo.fi\/en\/locations\/","name":"Locations &#8902; BONJOUR Koiratrimmaamo","isPartOf":{"@id":"https:\/\/bonjourkoiratrimmaamo.fi\/#website"},"datePublished":"2022-12-09T11:00:44+00:00","dateModified":"2025-11-01T12:06:54+00:00","description":"We provide services in Olari and Tapiola, Espoo. At all of our places, you will be served by professionals of the field and your pet will be in good hands with us.","breadcrumb":{"@id":"https:\/\/bonjourkoiratrimmaamo.fi\/en\/locations\/#breadcrumb"},"inLanguage":"en-US","potentialAction":[{"@type":"ReadAction","target":["https:\/\/bonjourkoiratrimmaamo.fi\/en\/locations\/"]}]},{"@type":"BreadcrumbList","@id":"https:\/\/bonjourkoiratrimmaamo.fi\/en\/locations\/#breadcrumb","itemListElement":[{"@type":"ListItem","position":1,"name":"Home","item":"https:\/\/bonjourkoiratrimmaamo.fi\/en\/"},{"@type":"ListItem","position":2,"name":"Locations"}]},{"@type":"WebSite","@id":"https:\/\/bonjourkoiratrimmaamo.fi\/#website","url":"https:\/\/bonjourkoiratrimmaamo.fi\/","name":"BONJOUR Koiratrimmaamo","description":"Koiran trimmauspalvelut, Helsinki &amp; Espoo","publisher":{"@id":"https:\/\/bonjourkoiratrimmaamo.fi\/#organization"},"potentialAction":[{"@type":"SearchAction","target":{"@type":"EntryPoint","urlTemplate":"https:\/\/bonjourkoiratrimmaamo.fi\/?s={search_term_string}"},"query-input":{"@type":"PropertyValueSpecification","valueRequired":true,"valueName":"search_term_string"}}],"inLanguage":"en-US"},{"@type":"Organization","@id":"https:\/\/bonjourkoiratrimmaamo.fi\/#organization","name":"Bonjour Koiratrimmaamo - Helsinki & Espoo","url":"https:\/\/bonjourkoiratrimmaamo.fi\/","logo":{"@type":"ImageObject","inLanguage":"en-US","@id":"https:\/\/bonjourkoiratrimmaamo.fi\/#\/schema\/logo\/image\/","url":"https:\/\/bonjourkoiratrimmaamo.fi\/wp-content\/uploads\/fav-bonjour2.png","contentUrl":"https:\/\/bonjourkoiratrimmaamo.fi\/wp-content\/uploads\/fav-bonjour2.png","width":512,"height":512,"caption":"Bonjour Koiratrimmaamo - Helsinki & Espoo"},"image":{"@id":"https:\/\/bonjourkoiratrimmaamo.fi\/#\/schema\/logo\/image\/"},"sameAs":["https:\/\/www.facebook.com\/bonjourkoiratrimmaamo\/","https:\/\/www.instagram.com\/bonjourkoiratrimmaamo\/"]}]}},"_links":{"self":[{"href":"https:\/\/bonjourkoiratrimmaamo.fi\/en\/wp-json\/wp\/v2\/pages\/550","targetHints":{"allow":["GET"]}}],"collection":[{"href":"https:\/\/bonjourkoiratrimmaamo.fi\/en\/wp-json\/wp\/v2\/pages"}],"about":[{"href":"https:\/\/bonjourkoiratrimmaamo.fi\/en\/wp-json\/wp\/v2\/types\/page"}],"author":[{"embeddable":true,"href":"https:\/\/bonjourkoiratrimmaamo.fi\/en\/wp-json\/wp\/v2\/users\/1"}],"replies":[{"embeddable":true,"href":"https:\/\/bonjourkoiratrimmaamo.fi\/en\/wp-json\/wp\/v2\/comments?post=550"}],"version-history":[{"count":40,"href":"https:\/\/bonjourkoiratrimmaamo.fi\/en\/wp-json\/wp\/v2\/pages\/550\/revisions"}],"predecessor-version":[{"id":2166,"href":"https:\/\/bonjourkoiratrimmaamo.fi\/en\/wp-json\/wp\/v2\/pages\/550\/revisions\/2166"}],"wp:attachment":[{"href":"https:\/\/bonjourkoiratrimmaamo.fi\/en\/wp-json\/wp\/v2\/media?parent=550"}],"curies":[{"name":"wp","href":"https:\/\/api.w.org\/{rel}","templated":true}]}}